{"id":247,"date":"2021-07-14T12:33:30","date_gmt":"2021-07-14T12:33:30","guid":{"rendered":"https:\/\/wp.vlthemes.me\/archee\/?page_id=247"},"modified":"2024-09-19T11:11:24","modified_gmt":"2024-09-19T11:11:24","slug":"contact","status":"publish","type":"page","link":"https:\/\/incevent.ma\/ar\/contact\/","title":{"rendered":"\u0627\u062a\u0635\u0627\u0644"},"content":{"rendered":"<div data-elementor-type=\"wp-page\" data-elementor-id=\"247\" class=\"elementor elementor-247\" data-elementor-post-type=\"page\">\n\t\t\t\t\t\t<section data-img-position=\"\" class=\"elementor-section elementor-top-section elementor-element elementor-element-14dcdfa elementor-section-full_width has-navbar-offset has-vertical-lines elementor-section-height-default elementor-section-height-default\" data-id=\"14dcdfa\" data-element_type=\"section\" data-e-type=\"section\" data-settings=\"{&quot;aos_animation_name&quot;:&quot;none&quot;}\">\n\t\t\t\t\t\t<div class=\"elementor-container elementor-column-gap-no\">\n\t\t\t\t\t<div data-img-position=\"\" class=\"elementor-column elementor-col-100 elementor-top-column elementor-element elementor-element-cd1b3e7\" data-id=\"cd1b3e7\" data-element_type=\"column\" data-e-type=\"column\" data-settings=\"{&quot;aos_animation_name&quot;:&quot;none&quot;}\">\n\t\t\t<div class=\"elementor-widget-wrap elementor-element-populated\">\n\t\t\t\t\t\t<div class=\"elementor-element elementor-element-6843d4b elementor-widget elementor-widget-vlt-page-title\" data-id=\"6843d4b\" data-element_type=\"widget\" data-e-type=\"widget\" data-settings=\"{&quot;aos_animation_name&quot;:&quot;none&quot;}\" data-widget_type=\"vlt-page-title.default\">\n\t\t\t\t<div class=\"elementor-widget-container\">\n\t\t\t\t\t\n\t\t<div class=\"vlt-page-title vlt-page-title--6843d4b vlt-page-title--style-3 jarallax\">\n\n\t\t\t<img loading=\"lazy\" decoding=\"async\" width=\"1920\" height=\"1080\" src=\"https:\/\/incevent.ma\/wp-content\/uploads\/2024\/09\/Prestations-de-services.jpg\" class=\"jarallax-img attachment-full size-full\" alt=\"\" srcset=\"https:\/\/incevent.ma\/wp-content\/uploads\/2024\/09\/Prestations-de-services.jpg 1920w, https:\/\/incevent.ma\/wp-content\/uploads\/2024\/09\/Prestations-de-services-300x169.jpg 300w, https:\/\/incevent.ma\/wp-content\/uploads\/2024\/09\/Prestations-de-services-1024x576.jpg 1024w, https:\/\/incevent.ma\/wp-content\/uploads\/2024\/09\/Prestations-de-services-768x432.jpg 768w, https:\/\/incevent.ma\/wp-content\/uploads\/2024\/09\/Prestations-de-services-1536x864.jpg 1536w, https:\/\/incevent.ma\/wp-content\/uploads\/2024\/09\/Prestations-de-services-500x281.jpg 500w, https:\/\/incevent.ma\/wp-content\/uploads\/2024\/09\/Prestations-de-services-800x450.jpg 800w, https:\/\/incevent.ma\/wp-content\/uploads\/2024\/09\/Prestations-de-services-1280x720.jpg 1280w, https:\/\/incevent.ma\/wp-content\/uploads\/2024\/09\/Prestations-de-services-700x394.jpg 700w\" sizes=\"auto, (max-width: 1920px) 100vw, 1920px\" \/><div class=\"vlt-page-title__overlay\"><\/div><a href=\"#6843d4b\" class=\"vlt-page-title__scroll-to vlt-scroll-to\"><i class=\"fa-regular fa-fw fa-angle-down\"><\/i><\/a><div class=\"container lax\" data-lax-translate-y=\"0 0, (-elh*2) elh\" data-lax-opacity=\"0 1, (-elh*2) 0\" data-lax-anchor=\".vlt-page-title--6843d4b\"><h1 class=\"vlt-page-title__title\"\">Contactez INCEVENT<\/h1><nav class=\"vlt-page-title__breadcrumbs\"><span><a href=\"https:\/\/incevent.ma\/ar\/\" ><span>Home<\/span><\/a><\/span> <span class=\"sep\"><i class=\"fa-regular fa-fw fa-angle-right\"><\/i><\/span> <span class=\"current\">\u0635\u0641\u062d\u0627\u062a<\/span><\/nav><\/div>\n\t\t<\/div>\n\n\t\t<div id=\"6843d4b\"><\/div>\n\n\t\t\t\t\t\t<\/div>\n\t\t\t\t<\/div>\n\t\t\t\t\t<\/div>\n\t\t<\/div>\n\t\t\t\t\t<\/div>\n\t\t<\/section>\n\t\t\t\t<section data-img-position=\"\" class=\"elementor-section elementor-top-section elementor-element elementor-element-920cce2 has-vertical-lines elementor-section-boxed elementor-section-height-default elementor-section-height-default\" data-id=\"920cce2\" data-element_type=\"section\" data-e-type=\"section\" data-settings=\"{&quot;aos_animation_name&quot;:&quot;none&quot;}\">\n\t\t\t\t\t\t<div class=\"elementor-container elementor-column-gap-extended\">\n\t\t\t\t\t<div data-img-position=\"\" class=\"elementor-column elementor-col-50 elementor-top-column elementor-element elementor-element-d4a5ecc\" data-id=\"d4a5ecc\" data-element_type=\"column\" data-e-type=\"column\" data-settings=\"{&quot;aos_animation_name&quot;:&quot;none&quot;}\">\n\t\t\t<div class=\"elementor-widget-wrap elementor-element-populated\">\n\t\t\t\t\t\t<div data-aos=\"custom\" data-aos-once=\"true\" class=\"elementor-element elementor-element-da47e33 elementor-widget__width-initial elementor-widget elementor-widget-vlt-section-title\" data-id=\"da47e33\" data-element_type=\"widget\" data-e-type=\"widget\" data-settings=\"{&quot;aos_animation_name&quot;:&quot;custom&quot;}\" data-widget_type=\"vlt-section-title.default\">\n\t\t\t\t<div class=\"elementor-widget-container\">\n\t\t\t\t\t\n\t\t<div class=\"vlt-section-title\">\n\n\t\t\t\n\t\t\t\n\t\t\t\t<h1 class=\"vlt-section-title__heading h3\">\n\n\t\t\t\t\t\n\t\t\t\t\tDes questions ? <\/br>\nContactez-nous !\n\t\t\t\t\t\n\t\t\t\t<\/h1>\n\n\t\t\t\n\t\t\t\t\t\t\t<p class=\"vlt-section-title__description\">Pour toute demande, remplissez le formulaire, et nous reviendrons vers vous rapidement.<\/p>\n\t\t\t\n\t\t<\/div>\n\n\t\t\t\t\t<\/div>\n\t\t\t\t<\/div>\n\t\t\t\t<div class=\"elementor-element elementor-element-f5a5c1f elementor-widget elementor-widget-vlt-spacer\" data-id=\"f5a5c1f\" data-element_type=\"widget\" data-e-type=\"widget\" data-settings=\"{&quot;aos_animation_name&quot;:&quot;none&quot;}\" data-widget_type=\"vlt-spacer.default\">\n\t\t\t\t<div class=\"elementor-widget-container\">\n\t\t\t\t\t\n\t\t<div class=\"vlt-spacer\"><\/div>\n\n\t\t\t\t\t\t<\/div>\n\t\t\t\t<\/div>\n\t\t\t\t<div data-aos=\"custom\" data-aos-delay=\"100\" data-aos-once=\"true\" class=\"elementor-element elementor-element-2f21260 elementor-widget elementor-widget-vlt-heading\" data-id=\"2f21260\" data-element_type=\"widget\" data-e-type=\"widget\" data-settings=\"{&quot;aos_animation_name&quot;:&quot;custom&quot;}\" data-widget_type=\"vlt-heading.default\">\n\t\t\t\t<div class=\"elementor-widget-container\">\n\t\t\t\t\t\n\t\t<h6 class=\"vlt-heading vlt-display-1\" id=\"link-to-2f21260\">\n\n\t\t\t\n\t\t\t\t\t\t\tINCEVENT\t\t\t\n\t\t\t\n\t\t\t\n\t\t<\/h6>\n\n\t\t\t\t\t<\/div>\n\t\t\t\t<\/div>\n\t\t\t\t<div class=\"elementor-element elementor-element-14c91b9 elementor-widget elementor-widget-vlt-spacer\" data-id=\"14c91b9\" data-element_type=\"widget\" data-e-type=\"widget\" data-settings=\"{&quot;aos_animation_name&quot;:&quot;none&quot;}\" data-widget_type=\"vlt-spacer.default\">\n\t\t\t\t<div class=\"elementor-widget-container\">\n\t\t\t\t\t\n\t\t<div class=\"vlt-spacer\"><\/div>\n\n\t\t\t\t\t\t<\/div>\n\t\t\t\t<\/div>\n\t\t\t\t<div data-aos=\"custom\" data-aos-delay=\"100\" data-aos-once=\"true\" class=\"elementor-element elementor-element-238c9a3 elementor-widget elementor-widget-text-editor\" data-id=\"238c9a3\" data-element_type=\"widget\" data-e-type=\"widget\" data-settings=\"{&quot;aos_animation_name&quot;:&quot;custom&quot;}\" data-widget_type=\"text-editor.default\">\n\t\t\t\t<div class=\"elementor-widget-container\">\n\t\t\t\t\t\t\t\t\t<p>3e \u00e9tage, M Tech, M Avenue<br \/>2 Av. de la M\u00e9nara, Marrakech 40000, Maroc<\/p>\t\t\t\t\t\t\t\t<\/div>\n\t\t\t\t<\/div>\n\t\t\t\t<div class=\"elementor-element elementor-element-e78da3a elementor-widget elementor-widget-vlt-spacer\" data-id=\"e78da3a\" data-element_type=\"widget\" data-e-type=\"widget\" data-settings=\"{&quot;aos_animation_name&quot;:&quot;none&quot;}\" data-widget_type=\"vlt-spacer.default\">\n\t\t\t\t<div class=\"elementor-widget-container\">\n\t\t\t\t\t\n\t\t<div class=\"vlt-spacer\"><\/div>\n\n\t\t\t\t\t\t<\/div>\n\t\t\t\t<\/div>\n\t\t\t\t<div data-aos=\"custom\" data-aos-delay=\"200\" data-aos-once=\"true\" class=\"elementor-element elementor-element-d569c62 elementor-widget elementor-widget-vlt-heading\" data-id=\"d569c62\" data-element_type=\"widget\" data-e-type=\"widget\" data-settings=\"{&quot;aos_animation_name&quot;:&quot;custom&quot;}\" data-widget_type=\"vlt-heading.default\">\n\t\t\t\t<div class=\"elementor-widget-container\">\n\t\t\t\t\t\n\t\t<h6 class=\"vlt-heading vlt-display-1\" id=\"link-to-d569c62\">\n\n\t\t\t\n\t\t\t\t\t\t\tT\u00e9l\u00e9phone\t\t\t\n\t\t\t\n\t\t\t\n\t\t<\/h6>\n\n\t\t\t\t\t<\/div>\n\t\t\t\t<\/div>\n\t\t\t\t<div class=\"elementor-element elementor-element-a0e5d12 elementor-widget elementor-widget-vlt-spacer\" data-id=\"a0e5d12\" data-element_type=\"widget\" data-e-type=\"widget\" data-settings=\"{&quot;aos_animation_name&quot;:&quot;none&quot;}\" data-widget_type=\"vlt-spacer.default\">\n\t\t\t\t<div class=\"elementor-widget-container\">\n\t\t\t\t\t\n\t\t<div class=\"vlt-spacer\"><\/div>\n\n\t\t\t\t\t\t<\/div>\n\t\t\t\t<\/div>\n\t\t\t\t<div data-aos=\"custom\" data-aos-delay=\"200\" data-aos-once=\"true\" class=\"elementor-element elementor-element-b97e9d9 elementor-widget elementor-widget-text-editor\" data-id=\"b97e9d9\" data-element_type=\"widget\" data-e-type=\"widget\" data-settings=\"{&quot;aos_animation_name&quot;:&quot;custom&quot;}\" data-widget_type=\"text-editor.default\">\n\t\t\t\t<div class=\"elementor-widget-container\">\n\t\t\t\t\t\t\t\t\t<p><a href=\"tel:+212662375472\" target=\"_blank\" rel=\"noopener\">+212 6 62 37 54 72<\/a><\/p>\t\t\t\t\t\t\t\t<\/div>\n\t\t\t\t<\/div>\n\t\t\t\t<div class=\"elementor-element elementor-element-e4a0d9f elementor-widget elementor-widget-vlt-spacer\" data-id=\"e4a0d9f\" data-element_type=\"widget\" data-e-type=\"widget\" data-settings=\"{&quot;aos_animation_name&quot;:&quot;none&quot;}\" data-widget_type=\"vlt-spacer.default\">\n\t\t\t\t<div class=\"elementor-widget-container\">\n\t\t\t\t\t\n\t\t<div class=\"vlt-spacer\"><\/div>\n\n\t\t\t\t\t\t<\/div>\n\t\t\t\t<\/div>\n\t\t\t\t<div data-aos=\"custom\" data-aos-delay=\"300\" data-aos-once=\"true\" class=\"elementor-element elementor-element-c3e2753 elementor-widget elementor-widget-vlt-heading\" data-id=\"c3e2753\" data-element_type=\"widget\" data-e-type=\"widget\" data-settings=\"{&quot;aos_animation_name&quot;:&quot;custom&quot;}\" data-widget_type=\"vlt-heading.default\">\n\t\t\t\t<div class=\"elementor-widget-container\">\n\t\t\t\t\t\n\t\t<h6 class=\"vlt-heading vlt-display-1\" id=\"link-to-c3e2753\">\n\n\t\t\t\n\t\t\t\t\t\t\tE-mail\t\t\t\n\t\t\t\n\t\t\t\n\t\t<\/h6>\n\n\t\t\t\t\t<\/div>\n\t\t\t\t<\/div>\n\t\t\t\t<div data-aos=\"custom\" data-aos-delay=\"200\" data-aos-once=\"true\" class=\"elementor-element elementor-element-7722e9a elementor-widget elementor-widget-text-editor\" data-id=\"7722e9a\" data-element_type=\"widget\" data-e-type=\"widget\" data-settings=\"{&quot;aos_animation_name&quot;:&quot;custom&quot;}\" data-widget_type=\"text-editor.default\">\n\t\t\t\t<div class=\"elementor-widget-container\">\n\t\t\t\t\t\t\t\t\t<p><a href=\"mailto:contact@incevent.ma\" target=\"_blank\" rel=\"noopener\">contact@incevent.ma<\/a><\/p>\t\t\t\t\t\t\t\t<\/div>\n\t\t\t\t<\/div>\n\t\t\t\t<div class=\"elementor-element elementor-element-3c9aa23 elementor-widget elementor-widget-vlt-spacer\" data-id=\"3c9aa23\" data-element_type=\"widget\" data-e-type=\"widget\" data-settings=\"{&quot;aos_animation_name&quot;:&quot;none&quot;}\" data-widget_type=\"vlt-spacer.default\">\n\t\t\t\t<div class=\"elementor-widget-container\">\n\t\t\t\t\t\n\t\t<div class=\"vlt-spacer\"><\/div>\n\n\t\t\t\t\t\t<\/div>\n\t\t\t\t<\/div>\n\t\t\t\t\t<\/div>\n\t\t<\/div>\n\t\t\t\t<div data-img-position=\"\" class=\"elementor-column elementor-col-50 elementor-top-column elementor-element elementor-element-fff7724\" data-id=\"fff7724\" data-element_type=\"column\" data-e-type=\"column\" data-settings=\"{&quot;aos_animation_name&quot;:&quot;none&quot;}\">\n\t\t\t<div class=\"elementor-widget-wrap elementor-element-populated\">\n\t\t\t\t\t\t<div data-aos=\"custom\" data-aos-delay=\"400\" data-aos-once=\"true\" class=\"elementor-element elementor-element-43cf84b elementor-widget elementor-widget-vlt-contact-form-7\" data-id=\"43cf84b\" data-element_type=\"widget\" data-e-type=\"widget\" data-settings=\"{&quot;aos_animation_name&quot;:&quot;custom&quot;}\" data-widget_type=\"vlt-contact-form-7.default\">\n\t\t\t\t<div class=\"elementor-widget-container\">\n\t\t\t\t\t\n\t\t<div class=\"vlt-contact-form-7\">\n\n\t\t\t\n<div class=\"wpcf7 no-js\" id=\"wpcf7-f264-o1\" lang=\"en-US\" dir=\"ltr\" data-wpcf7-id=\"264\">\n<div class=\"screen-reader-response\"><p role=\"status\" aria-live=\"polite\" aria-atomic=\"true\"><\/p> <ul><\/ul><\/div>\n<form action=\"\/ar\/wp-json\/wp\/v2\/pages\/247#wpcf7-f264-o1\" method=\"post\" class=\"wpcf7-form init\" aria-label=\"Contact form\" novalidate=\"novalidate\" data-status=\"init\" data-trp-original-action=\"\/ar\/wp-json\/wp\/v2\/pages\/247#wpcf7-f264-o1\">\n<fieldset class=\"hidden-fields-container\"><input type=\"hidden\" name=\"_wpcf7\" value=\"264\" \/><input type=\"hidden\" name=\"_wpcf7_version\" value=\"6.1.3\" \/><input type=\"hidden\" name=\"_wpcf7_locale\" value=\"en_US\" \/><input type=\"hidden\" name=\"_wpcf7_unit_tag\" value=\"wpcf7-f264-o1\" \/><input type=\"hidden\" name=\"_wpcf7_container_post\" value=\"0\" \/><input type=\"hidden\" name=\"_wpcf7_posted_data_hash\" value=\"\" \/>\n<\/fieldset>\n<div class=\"vlt-form-group\">\n  <span class=\"wpcf7-form-control-wrap\" data-name=\"nom-complet\"><input size=\"40\" maxlength=\"400\" class=\"wpcf7-form-control wpcf7-text wpcf7-validates-as-required vlt-form-control\" aria-required=\"true\" aria-invalid=\"false\" placeholder=\"Nom complet*\" value=\"\" type=\"text\" name=\"nom-complet\" \/><\/span>\n<\/div>\n<div class=\"vlt-form-group\">\n  <span class=\"wpcf7-form-control-wrap\" data-name=\"email\"><input size=\"40\" maxlength=\"400\" class=\"wpcf7-form-control wpcf7-email wpcf7-validates-as-required wpcf7-text wpcf7-validates-as-email vlt-form-control\" aria-required=\"true\" aria-invalid=\"false\" placeholder=\"Email*\" value=\"\" type=\"email\" name=\"email\" \/><\/span>\n<\/div>\n<div class=\"vlt-form-group\">\n  <span class=\"wpcf7-form-control-wrap\" data-name=\"telephone\"><input size=\"40\" maxlength=\"400\" class=\"wpcf7-form-control wpcf7-tel wpcf7-validates-as-required wpcf7-text wpcf7-validates-as-tel vlt-form-control\" aria-required=\"true\" aria-invalid=\"false\" placeholder=\"Num\u00e9ro de t\u00e9l\u00e9phone*\" value=\"\" type=\"tel\" name=\"telephone\" \/><\/span>\n<\/div>\n<div class=\"vlt-form-group\">\n  <span class=\"wpcf7-form-control-wrap\" data-name=\"objet\"><input size=\"40\" maxlength=\"400\" class=\"wpcf7-form-control wpcf7-text wpcf7-validates-as-required vlt-form-control\" aria-required=\"true\" aria-invalid=\"false\" placeholder=\"Objet*\" value=\"\" type=\"text\" name=\"objet\" \/><\/span>\n<\/div>\n<div class=\"vlt-form-group\">\n  <span class=\"wpcf7-form-control-wrap\" data-name=\"message\"><textarea cols=\"40\" rows=\"5\" maxlength=\"2000\" class=\"wpcf7-form-control wpcf7-textarea vlt-form-control\" aria-invalid=\"false\" placeholder=\"Votre message\" name=\"message\"><\/textarea><\/span>\n<\/div>\n<div class=\"text-start\" style=\"margin-top: 2.5rem;\">\n  <button class=\"vlt-btn vlt-btn--primary vlt-btn--effect\">Envoyer le message<\/button>\n<\/div><div class=\"wpcf7-response-output\" aria-hidden=\"true\"><\/div>\n<input type=\"hidden\" name=\"trp-form-language\" value=\"ar\"\/><\/form>\n<\/div>\n\n\t\t<\/div>\n\n\t\t\t\t\t\t<\/div>\n\t\t\t\t<\/div>\n\t\t\t\t\t<\/div>\n\t\t<\/div>\n\t\t\t\t\t<\/div>\n\t\t<\/section>\n\t\t\t\t<\/div>","protected":false},"excerpt":{"rendered":"","protected":false},"author":3,"featured_media":0,"parent":0,"menu_order":55,"comment_status":"closed","ping_status":"closed","template":"template-custom-page.php","meta":{"_acf_changed":false,"_vp_format_video_url":"","_vp_image_focal_point":[],"footnotes":""},"class_list":["post-247","page","type-page","status-publish","hentry"],"acf":[],"yoast_head":"<!-- This site is optimized with the Yoast SEO plugin v27.5 - https:\/\/yoast.com\/product\/yoast-seo-wordpress\/ -->\n<title>Contact - INCEVENT<\/title>\n<meta name=\"robots\" content=\"index, follow, max-snippet:-1, max-image-preview:large, max-video-preview:-1\" \/>\n<link rel=\"canonical\" href=\"https:\/\/incevent.ma\/ar\/contact\/\" \/>\n<meta property=\"og:locale\" content=\"ar_AR\" \/>\n<meta property=\"og:type\" content=\"article\" \/>\n<meta property=\"og:title\" content=\"Contact - INCEVENT\" \/>\n<meta property=\"og:url\" content=\"https:\/\/incevent.ma\/ar\/contact\/\" \/>\n<meta property=\"og:site_name\" content=\"INCEVENT\" \/>\n<meta property=\"article:publisher\" content=\"https:\/\/www.facebook.com\/incevent1\/\" \/>\n<meta property=\"article:modified_time\" content=\"2024-09-19T11:11:24+00:00\" \/>\n<meta property=\"og:image\" content=\"https:\/\/incevent.ma\/wp-content\/uploads\/2024\/09\/Prestations-de-services.jpg\" \/>\n<meta name=\"twitter:card\" content=\"summary_large_image\" \/>\n<script type=\"application\/ld+json\" class=\"yoast-schema-graph\">{\"@context\":\"https:\\\/\\\/schema.org\",\"@graph\":[{\"@type\":\"WebPage\",\"@id\":\"https:\\\/\\\/incevent.ma\\\/contact\\\/\",\"url\":\"https:\\\/\\\/incevent.ma\\\/contact\\\/\",\"name\":\"Contact - INCEVENT\",\"isPartOf\":{\"@id\":\"https:\\\/\\\/incevent.ma\\\/#website\"},\"primaryImageOfPage\":{\"@id\":\"https:\\\/\\\/incevent.ma\\\/contact\\\/#primaryimage\"},\"image\":{\"@id\":\"https:\\\/\\\/incevent.ma\\\/contact\\\/#primaryimage\"},\"thumbnailUrl\":\"https:\\\/\\\/incevent.ma\\\/wp-content\\\/uploads\\\/2024\\\/09\\\/Prestations-de-services.jpg\",\"datePublished\":\"2021-07-14T12:33:30+00:00\",\"dateModified\":\"2024-09-19T11:11:24+00:00\",\"breadcrumb\":{\"@id\":\"https:\\\/\\\/incevent.ma\\\/contact\\\/#breadcrumb\"},\"inLanguage\":\"ary\",\"potentialAction\":[{\"@type\":\"ReadAction\",\"target\":[\"https:\\\/\\\/incevent.ma\\\/contact\\\/\"]}]},{\"@type\":\"ImageObject\",\"inLanguage\":\"ary\",\"@id\":\"https:\\\/\\\/incevent.ma\\\/contact\\\/#primaryimage\",\"url\":\"https:\\\/\\\/incevent.ma\\\/wp-content\\\/uploads\\\/2024\\\/09\\\/Prestations-de-services.jpg\",\"contentUrl\":\"https:\\\/\\\/incevent.ma\\\/wp-content\\\/uploads\\\/2024\\\/09\\\/Prestations-de-services.jpg\"},{\"@type\":\"BreadcrumbList\",\"@id\":\"https:\\\/\\\/incevent.ma\\\/contact\\\/#breadcrumb\",\"itemListElement\":[{\"@type\":\"ListItem\",\"position\":1,\"name\":\"Accueil\",\"item\":\"https:\\\/\\\/incevent.ma\\\/\"},{\"@type\":\"ListItem\",\"position\":2,\"name\":\"Contact\"}]},{\"@type\":\"WebSite\",\"@id\":\"https:\\\/\\\/incevent.ma\\\/#website\",\"url\":\"https:\\\/\\\/incevent.ma\\\/\",\"name\":\"INCEVENT\",\"description\":\"Events &amp; More !\",\"publisher\":{\"@id\":\"https:\\\/\\\/incevent.ma\\\/#organization\"},\"potentialAction\":[{\"@type\":\"SearchAction\",\"target\":{\"@type\":\"EntryPoint\",\"urlTemplate\":\"https:\\\/\\\/incevent.ma\\\/?s={search_term_string}\"},\"query-input\":{\"@type\":\"PropertyValueSpecification\",\"valueRequired\":true,\"valueName\":\"search_term_string\"}}],\"inLanguage\":\"ary\"},{\"@type\":\"Organization\",\"@id\":\"https:\\\/\\\/incevent.ma\\\/#organization\",\"name\":\"INCEVENT\",\"url\":\"https:\\\/\\\/incevent.ma\\\/\",\"logo\":{\"@type\":\"ImageObject\",\"inLanguage\":\"ary\",\"@id\":\"https:\\\/\\\/incevent.ma\\\/#\\\/schema\\\/logo\\\/image\\\/\",\"url\":\"https:\\\/\\\/incevent.ma\\\/wp-content\\\/uploads\\\/2024\\\/09\\\/FAVICON_-01_INCEVENT-C1.png\",\"contentUrl\":\"https:\\\/\\\/incevent.ma\\\/wp-content\\\/uploads\\\/2024\\\/09\\\/FAVICON_-01_INCEVENT-C1.png\",\"width\":512,\"height\":512,\"caption\":\"INCEVENT\"},\"image\":{\"@id\":\"https:\\\/\\\/incevent.ma\\\/#\\\/schema\\\/logo\\\/image\\\/\"},\"sameAs\":[\"https:\\\/\\\/www.facebook.com\\\/incevent1\\\/\",\"https:\\\/\\\/www.instagram.com\\\/incevent_\\\/\",\"https:\\\/\\\/www.linkedin.com\\\/company\\\/incevents\\\/\"]}]}<\/script>\n<!-- \/ Yoast SEO plugin. -->","yoast_head_json":{"title":"Contact - INCEVENT","robots":{"index":"index","follow":"follow","max-snippet":"max-snippet:-1","max-image-preview":"max-image-preview:large","max-video-preview":"max-video-preview:-1"},"canonical":"https:\/\/incevent.ma\/ar\/contact\/","og_locale":"ar_AR","og_type":"article","og_title":"Contact - INCEVENT","og_url":"https:\/\/incevent.ma\/ar\/contact\/","og_site_name":"INCEVENT","article_publisher":"https:\/\/www.facebook.com\/incevent1\/","article_modified_time":"2024-09-19T11:11:24+00:00","og_image":[{"url":"https:\/\/incevent.ma\/wp-content\/uploads\/2024\/09\/Prestations-de-services.jpg","type":"","width":"","height":""}],"twitter_card":"summary_large_image","schema":{"@context":"https:\/\/schema.org","@graph":[{"@type":"WebPage","@id":"https:\/\/incevent.ma\/contact\/","url":"https:\/\/incevent.ma\/contact\/","name":"Contact - INCEVENT","isPartOf":{"@id":"https:\/\/incevent.ma\/#website"},"primaryImageOfPage":{"@id":"https:\/\/incevent.ma\/contact\/#primaryimage"},"image":{"@id":"https:\/\/incevent.ma\/contact\/#primaryimage"},"thumbnailUrl":"https:\/\/incevent.ma\/wp-content\/uploads\/2024\/09\/Prestations-de-services.jpg","datePublished":"2021-07-14T12:33:30+00:00","dateModified":"2024-09-19T11:11:24+00:00","breadcrumb":{"@id":"https:\/\/incevent.ma\/contact\/#breadcrumb"},"inLanguage":"ary","potentialAction":[{"@type":"ReadAction","target":["https:\/\/incevent.ma\/contact\/"]}]},{"@type":"ImageObject","inLanguage":"ary","@id":"https:\/\/incevent.ma\/contact\/#primaryimage","url":"https:\/\/incevent.ma\/wp-content\/uploads\/2024\/09\/Prestations-de-services.jpg","contentUrl":"https:\/\/incevent.ma\/wp-content\/uploads\/2024\/09\/Prestations-de-services.jpg"},{"@type":"BreadcrumbList","@id":"https:\/\/incevent.ma\/contact\/#breadcrumb","itemListElement":[{"@type":"ListItem","position":1,"name":"Accueil","item":"https:\/\/incevent.ma\/"},{"@type":"ListItem","position":2,"name":"Contact"}]},{"@type":"WebSite","@id":"https:\/\/incevent.ma\/#website","url":"https:\/\/incevent.ma\/","name":"INCEVENT","description":"Events &amp; More !","publisher":{"@id":"https:\/\/incevent.ma\/#organization"},"potentialAction":[{"@type":"SearchAction","target":{"@type":"EntryPoint","urlTemplate":"https:\/\/incevent.ma\/?s={search_term_string}"},"query-input":{"@type":"PropertyValueSpecification","valueRequired":true,"valueName":"search_term_string"}}],"inLanguage":"ary"},{"@type":"Organization","@id":"https:\/\/incevent.ma\/#organization","name":"INCEVENT","url":"https:\/\/incevent.ma\/","logo":{"@type":"ImageObject","inLanguage":"ary","@id":"https:\/\/incevent.ma\/#\/schema\/logo\/image\/","url":"https:\/\/incevent.ma\/wp-content\/uploads\/2024\/09\/FAVICON_-01_INCEVENT-C1.png","contentUrl":"https:\/\/incevent.ma\/wp-content\/uploads\/2024\/09\/FAVICON_-01_INCEVENT-C1.png","width":512,"height":512,"caption":"INCEVENT"},"image":{"@id":"https:\/\/incevent.ma\/#\/schema\/logo\/image\/"},"sameAs":["https:\/\/www.facebook.com\/incevent1\/","https:\/\/www.instagram.com\/incevent_\/","https:\/\/www.linkedin.com\/company\/incevents\/"]}]}},"_hostinger_reach_plugin_has_subscription_block":false,"_hostinger_reach_plugin_is_elementor":false,"_links":{"self":[{"href":"https:\/\/incevent.ma\/ar\/wp-json\/wp\/v2\/pages\/247","targetHints":{"allow":["GET"]}}],"collection":[{"href":"https:\/\/incevent.ma\/ar\/wp-json\/wp\/v2\/pages"}],"about":[{"href":"https:\/\/incevent.ma\/ar\/wp-json\/wp\/v2\/types\/page"}],"author":[{"embeddable":true,"href":"https:\/\/incevent.ma\/ar\/wp-json\/wp\/v2\/users\/3"}],"replies":[{"embeddable":true,"href":"https:\/\/incevent.ma\/ar\/wp-json\/wp\/v2\/comments?post=247"}],"version-history":[{"count":35,"href":"https:\/\/incevent.ma\/ar\/wp-json\/wp\/v2\/pages\/247\/revisions"}],"predecessor-version":[{"id":7698,"href":"https:\/\/incevent.ma\/ar\/wp-json\/wp\/v2\/pages\/247\/revisions\/7698"}],"wp:attachment":[{"href":"https:\/\/incevent.ma\/ar\/wp-json\/wp\/v2\/media?parent=247"}],"curies":[{"name":"wp","href":"https:\/\/api.w.org\/{rel}","templated":true}]}}