{"id":6317,"date":"2024-08-10T18:30:55","date_gmt":"2024-08-10T18:30:55","guid":{"rendered":"https:\/\/incevent.ma\/?page_id=6317"},"modified":"2024-08-11T11:28:44","modified_gmt":"2024-08-11T11:28:44","slug":"mentions-legales","status":"publish","type":"page","link":"https:\/\/incevent.ma\/en\/mentions-legales\/","title":{"rendered":"Legal Notice"},"content":{"rendered":"<h5>Legal Notice<\/h5>\n<p>Bienvenue sur le site web de <strong>INCEVENT<\/strong>. Veuillez lire attentivement les mentions l\u00e9gales suivantes avant d\u2019utiliser ce site.<\/p>\n<h5>\u00c9diteur du site<\/h5>\n<p><strong>INCEVENT<\/strong><br \/>\n<strong>Adresse : <\/strong>3E \u00c9TAGE, MTECH, M AVENUE &#8211; 40000 Marrakech, Maroc<br \/>\n<strong>T\u00e9l\u00e9phone :<\/strong> +212 662-375472<br \/>\n<strong>Email :\u00a0<a href=\"https:\/\/incevent.ma\/en\/contact\/\" target=\"_blank\" rel=\"noopener\">\u00c9crivez-nous !<\/a><\/strong><\/p>\n<p><strong>Directeur de la publication :<\/strong> Mr. Naoufal El Adnani<\/p>\n<h5>Droits d\u2019auteur \u2013 CR\u00c9DITS<\/h5>\n<p>L\u2019ensemble de ce site rel\u00e8ve de la l\u00e9gislation marocaine et internationale sur le droit d\u2019auteur et la propri\u00e9t\u00e9 intellectuelle.<\/p>\n<p>Les photographies, textes, slogans, dessins, images, s\u00e9quences anim\u00e9es sonores ou non ainsi que toutes \u0153uvres int\u00e9gr\u00e9es dans le site sont la propri\u00e9t\u00e9 de l\u2019association<b> <strong>INCEVENT<\/strong><\/b>\u00a0ou de tiers ayant autoris\u00e9 \u00e0 les utiliser.<\/p>\n<p>Les logos, ic\u00f4nes et puces graphiques repr\u00e9sent\u00e9s sur le site sont prot\u00e9g\u00e9s au titre des droits d\u2019auteur et des articles L.511.1 et suivants du Code de la propri\u00e9t\u00e9 intellectuelle relatifs \u00e0 la protection des mod\u00e8les d\u00e9pos\u00e9s.<\/p>\n<p>Tous les droits de reproduction sont r\u00e9serv\u00e9s et strictement limit\u00e9s, y compris pour les documents t\u00e9l\u00e9chargeables et les repr\u00e9sentations iconographiques et photographiques.<\/p>\n<p>Les marques cit\u00e9es sur ce site sont d\u00e9pos\u00e9es par les soci\u00e9t\u00e9s qui en sont propri\u00e9taires.<\/p>\n<p>Toute utilisation non autoris\u00e9e de tout ou partie de ces droits par des tiers est susceptible de donner lieu \u00e0 des poursuites judiciaires.<\/p>","protected":false},"excerpt":{"rendered":"<p>Mentions l\u00e9gales Bienvenue sur le site web de INCEVENT. Veuillez lire attentivement les mentions l\u00e9gales suivantes avant d\u2019utiliser ce site. \u00c9diteur du site INCEVENT Adresse : 3E \u00c9TAGE, MTECH, M AVENUE &#8211; 40000 Marrakech, Maroc T\u00e9l\u00e9phone : +212 662-375472 Email :\u00a0\u00c9crivez-nous ! Directeur de la publication : Mr. Naoufal El Adnani Droits d\u2019auteur \u2013 CR\u00c9DITS [&hellip;]<\/p>","protected":false},"author":3,"featured_media":0,"parent":0,"menu_order":0,"comment_status":"closed","ping_status":"closed","template":"","meta":{"_acf_changed":false,"_vp_format_video_url":"","_vp_image_focal_point":[],"footnotes":""},"class_list":["post-6317","page","type-page","status-publish","hentry"],"acf":[],"yoast_head":"<!-- This site is optimized with the Yoast SEO plugin v27.5 - https:\/\/yoast.com\/product\/yoast-seo-wordpress\/ -->\n<title>Mentions l\u00e9gales - INCEVENT<\/title>\n<meta name=\"robots\" content=\"index, follow, max-snippet:-1, max-image-preview:large, max-video-preview:-1\" \/>\n<link rel=\"canonical\" href=\"https:\/\/incevent.ma\/en\/mentions-legales\/\" \/>\n<meta property=\"og:locale\" content=\"en_US\" \/>\n<meta property=\"og:type\" content=\"article\" \/>\n<meta property=\"og:title\" content=\"Mentions l\u00e9gales - INCEVENT\" \/>\n<meta property=\"og:description\" content=\"Mentions l\u00e9gales Bienvenue sur le site web de INCEVENT. Veuillez lire attentivement les mentions l\u00e9gales suivantes avant d\u2019utiliser ce site. \u00c9diteur du site INCEVENT Adresse : 3E \u00c9TAGE, MTECH, M AVENUE &#8211; 40000 Marrakech, Maroc T\u00e9l\u00e9phone : +212 662-375472 Email :\u00a0\u00c9crivez-nous ! Directeur de la publication : Mr. Naoufal El Adnani Droits d\u2019auteur \u2013 CR\u00c9DITS [&hellip;]\" \/>\n<meta property=\"og:url\" content=\"https:\/\/incevent.ma\/en\/mentions-legales\/\" \/>\n<meta property=\"og:site_name\" content=\"INCEVENT\" \/>\n<meta property=\"article:publisher\" content=\"https:\/\/www.facebook.com\/incevent1\/\" \/>\n<meta property=\"article:modified_time\" content=\"2024-08-11T11:28:44+00:00\" \/>\n<meta name=\"twitter:card\" content=\"summary_large_image\" \/>\n<meta name=\"twitter:label1\" content=\"Est. reading time\" \/>\n\t<meta name=\"twitter:data1\" content=\"1 minute\" \/>\n<script type=\"application\/ld+json\" class=\"yoast-schema-graph\">{\"@context\":\"https:\\\/\\\/schema.org\",\"@graph\":[{\"@type\":\"WebPage\",\"@id\":\"https:\\\/\\\/incevent.ma\\\/mentions-legales\\\/\",\"url\":\"https:\\\/\\\/incevent.ma\\\/mentions-legales\\\/\",\"name\":\"Mentions l\u00e9gales - INCEVENT\",\"isPartOf\":{\"@id\":\"https:\\\/\\\/incevent.ma\\\/#website\"},\"datePublished\":\"2024-08-10T18:30:55+00:00\",\"dateModified\":\"2024-08-11T11:28:44+00:00\",\"breadcrumb\":{\"@id\":\"https:\\\/\\\/incevent.ma\\\/mentions-legales\\\/#breadcrumb\"},\"inLanguage\":\"en-US\",\"potentialAction\":[{\"@type\":\"ReadAction\",\"target\":[\"https:\\\/\\\/incevent.ma\\\/mentions-legales\\\/\"]}]},{\"@type\":\"BreadcrumbList\",\"@id\":\"https:\\\/\\\/incevent.ma\\\/mentions-legales\\\/#breadcrumb\",\"itemListElement\":[{\"@type\":\"ListItem\",\"position\":1,\"name\":\"Accueil\",\"item\":\"https:\\\/\\\/incevent.ma\\\/\"},{\"@type\":\"ListItem\",\"position\":2,\"name\":\"Mentions l\u00e9gales\"}]},{\"@type\":\"WebSite\",\"@id\":\"https:\\\/\\\/incevent.ma\\\/#website\",\"url\":\"https:\\\/\\\/incevent.ma\\\/\",\"name\":\"INCEVENT\",\"description\":\"Events &amp; More !\",\"publisher\":{\"@id\":\"https:\\\/\\\/incevent.ma\\\/#organization\"},\"potentialAction\":[{\"@type\":\"SearchAction\",\"target\":{\"@type\":\"EntryPoint\",\"urlTemplate\":\"https:\\\/\\\/incevent.ma\\\/?s={search_term_string}\"},\"query-input\":{\"@type\":\"PropertyValueSpecification\",\"valueRequired\":true,\"valueName\":\"search_term_string\"}}],\"inLanguage\":\"en-US\"},{\"@type\":\"Organization\",\"@id\":\"https:\\\/\\\/incevent.ma\\\/#organization\",\"name\":\"INCEVENT\",\"url\":\"https:\\\/\\\/incevent.ma\\\/\",\"logo\":{\"@type\":\"ImageObject\",\"inLanguage\":\"en-US\",\"@id\":\"https:\\\/\\\/incevent.ma\\\/#\\\/schema\\\/logo\\\/image\\\/\",\"url\":\"https:\\\/\\\/incevent.ma\\\/wp-content\\\/uploads\\\/2024\\\/09\\\/FAVICON_-01_INCEVENT-C1.png\",\"contentUrl\":\"https:\\\/\\\/incevent.ma\\\/wp-content\\\/uploads\\\/2024\\\/09\\\/FAVICON_-01_INCEVENT-C1.png\",\"width\":512,\"height\":512,\"caption\":\"INCEVENT\"},\"image\":{\"@id\":\"https:\\\/\\\/incevent.ma\\\/#\\\/schema\\\/logo\\\/image\\\/\"},\"sameAs\":[\"https:\\\/\\\/www.facebook.com\\\/incevent1\\\/\",\"https:\\\/\\\/www.instagram.com\\\/incevent_\\\/\",\"https:\\\/\\\/www.linkedin.com\\\/company\\\/incevents\\\/\"]}]}<\/script>\n<!-- \/ Yoast SEO plugin. -->","yoast_head_json":{"title":"Mentions l\u00e9gales - INCEVENT","robots":{"index":"index","follow":"follow","max-snippet":"max-snippet:-1","max-image-preview":"max-image-preview:large","max-video-preview":"max-video-preview:-1"},"canonical":"https:\/\/incevent.ma\/en\/mentions-legales\/","og_locale":"en_US","og_type":"article","og_title":"Mentions l\u00e9gales - INCEVENT","og_description":"Mentions l\u00e9gales Bienvenue sur le site web de INCEVENT. Veuillez lire attentivement les mentions l\u00e9gales suivantes avant d\u2019utiliser ce site. \u00c9diteur du site INCEVENT Adresse : 3E \u00c9TAGE, MTECH, M AVENUE &#8211; 40000 Marrakech, Maroc T\u00e9l\u00e9phone : +212 662-375472 Email :\u00a0\u00c9crivez-nous ! Directeur de la publication : Mr. Naoufal El Adnani Droits d\u2019auteur \u2013 CR\u00c9DITS [&hellip;]","og_url":"https:\/\/incevent.ma\/en\/mentions-legales\/","og_site_name":"INCEVENT","article_publisher":"https:\/\/www.facebook.com\/incevent1\/","article_modified_time":"2024-08-11T11:28:44+00:00","twitter_card":"summary_large_image","twitter_misc":{"Est. reading time":"1 minute"},"schema":{"@context":"https:\/\/schema.org","@graph":[{"@type":"WebPage","@id":"https:\/\/incevent.ma\/mentions-legales\/","url":"https:\/\/incevent.ma\/mentions-legales\/","name":"Mentions l\u00e9gales - INCEVENT","isPartOf":{"@id":"https:\/\/incevent.ma\/#website"},"datePublished":"2024-08-10T18:30:55+00:00","dateModified":"2024-08-11T11:28:44+00:00","breadcrumb":{"@id":"https:\/\/incevent.ma\/mentions-legales\/#breadcrumb"},"inLanguage":"en-US","potentialAction":[{"@type":"ReadAction","target":["https:\/\/incevent.ma\/mentions-legales\/"]}]},{"@type":"BreadcrumbList","@id":"https:\/\/incevent.ma\/mentions-legales\/#breadcrumb","itemListElement":[{"@type":"ListItem","position":1,"name":"Accueil","item":"https:\/\/incevent.ma\/"},{"@type":"ListItem","position":2,"name":"Mentions l\u00e9gales"}]},{"@type":"WebSite","@id":"https:\/\/incevent.ma\/#website","url":"https:\/\/incevent.ma\/","name":"INCEVENT","description":"Events &amp; More !","publisher":{"@id":"https:\/\/incevent.ma\/#organization"},"potentialAction":[{"@type":"SearchAction","target":{"@type":"EntryPoint","urlTemplate":"https:\/\/incevent.ma\/?s={search_term_string}"},"query-input":{"@type":"PropertyValueSpecification","valueRequired":true,"valueName":"search_term_string"}}],"inLanguage":"en-US"},{"@type":"Organization","@id":"https:\/\/incevent.ma\/#organization","name":"INCEVENT","url":"https:\/\/incevent.ma\/","logo":{"@type":"ImageObject","inLanguage":"en-US","@id":"https:\/\/incevent.ma\/#\/schema\/logo\/image\/","url":"https:\/\/incevent.ma\/wp-content\/uploads\/2024\/09\/FAVICON_-01_INCEVENT-C1.png","contentUrl":"https:\/\/incevent.ma\/wp-content\/uploads\/2024\/09\/FAVICON_-01_INCEVENT-C1.png","width":512,"height":512,"caption":"INCEVENT"},"image":{"@id":"https:\/\/incevent.ma\/#\/schema\/logo\/image\/"},"sameAs":["https:\/\/www.facebook.com\/incevent1\/","https:\/\/www.instagram.com\/incevent_\/","https:\/\/www.linkedin.com\/company\/incevents\/"]}]}},"_hostinger_reach_plugin_has_subscription_block":false,"_hostinger_reach_plugin_is_elementor":false,"_links":{"self":[{"href":"https:\/\/incevent.ma\/en\/wp-json\/wp\/v2\/pages\/6317","targetHints":{"allow":["GET"]}}],"collection":[{"href":"https:\/\/incevent.ma\/en\/wp-json\/wp\/v2\/pages"}],"about":[{"href":"https:\/\/incevent.ma\/en\/wp-json\/wp\/v2\/types\/page"}],"author":[{"embeddable":true,"href":"https:\/\/incevent.ma\/en\/wp-json\/wp\/v2\/users\/3"}],"replies":[{"embeddable":true,"href":"https:\/\/incevent.ma\/en\/wp-json\/wp\/v2\/comments?post=6317"}],"version-history":[{"count":7,"href":"https:\/\/incevent.ma\/en\/wp-json\/wp\/v2\/pages\/6317\/revisions"}],"predecessor-version":[{"id":6542,"href":"https:\/\/incevent.ma\/en\/wp-json\/wp\/v2\/pages\/6317\/revisions\/6542"}],"wp:attachment":[{"href":"https:\/\/incevent.ma\/en\/wp-json\/wp\/v2\/media?parent=6317"}],"curies":[{"name":"wp","href":"https:\/\/api.w.org\/{rel}","templated":true}]}}