{"id":6318,"date":"2024-08-10T18:30:55","date_gmt":"2024-08-10T18:30:55","guid":{"rendered":"https:\/\/incevent.ma\/?page_id=6318"},"modified":"2024-08-11T10:44:19","modified_gmt":"2024-08-11T10:44:19","slug":"politique-confidentialite","status":"publish","type":"page","link":"https:\/\/incevent.ma\/en\/politique-confidentialite\/","title":{"rendered":"Privacy Policy"},"content":{"rendered":"<p><strong><strong>INCEVENT<\/strong><\/strong>\u00a0accorde une grande importance \u00e0 la protection de vos donn\u00e9es personnelles. Cette politique de confidentialit\u00e9 explique comment nous recueillons, utilisons et prot\u00e9geons vos informations.<\/p>\n\n\n\n<h5 class=\"wp-block-heading\">Collecte des informations<\/h5>\n\n\n\n<p>Nous collectons des informations lorsque vous vous inscrivez sur notre site, remplissez un formulaire ou entrez des informations sur notre site. Les donn\u00e9es collect\u00e9es peuvent inclure votre nom, adresse email, num\u00e9ro de t\u00e9l\u00e9phone, et toute autre information que vous choisissez de nous fournir.<\/p>\n\n\n\n<h5 class=\"wp-block-heading\">Utilisation des informations<\/h5>\n\n\n\n<p>Les informations que nous recueillons peuvent \u00eatre utilis\u00e9es pour :<\/p>\n\n\n\n<ul class=\"wp-block-list\">\n<li>Am\u00e9liorer notre site web<\/li>\n\n\n\n<li>Personnaliser votre exp\u00e9rience<\/li>\n\n\n\n<li>Am\u00e9liorer le service client<\/li>\n\n\n\n<li>Vous contacter par email<\/li>\n\n\n\n<li>Administrer un concours, une promotion, une enqu\u00eate ou toute autre fonctionnalit\u00e9 du site<\/li>\n<\/ul>\n\n\n\n<h5 class=\"wp-block-heading\">Protection des informations<\/h5>\n\n\n\n<p>Nous mettons en \u0153uvre une vari\u00e9t\u00e9 de mesures de s\u00e9curit\u00e9 pour pr\u00e9server la s\u00e9curit\u00e9 de vos informations personnelles. Vos informations personnelles sont conserv\u00e9es dans des r\u00e9seaux s\u00e9curis\u00e9s et ne sont accessibles qu\u2019\u00e0 un nombre limit\u00e9 de personnes ayant des droits d\u2019acc\u00e8s sp\u00e9ciaux \u00e0 ces syst\u00e8mes, et sont tenues de garder ces informations confidentielles.<\/p>\n\n\n\n<h5 class=\"wp-block-heading\">Utilisation des cookies<\/h5>\n\n\n\n<p>Nous utilisons des cookies pour am\u00e9liorer l\u2019acc\u00e8s \u00e0 notre site et identifier les visiteurs r\u00e9guliers. Les cookies am\u00e9liorent l\u2019exp\u00e9rience utilisateur en suivant et en ciblant leurs int\u00e9r\u00eats. Cette utilisation des cookies n\u2019est en aucune fa\u00e7on li\u00e9e \u00e0 des informations personnelles identifiables sur notre site.<\/p>\n\n\n\n<h5 class=\"wp-block-heading\">Divulgation \u00e0 des tiers<\/h5>\n\n\n\n<p>Nous ne vendons, n\u2019\u00e9changeons ni ne transf\u00e9rons vos informations personnelles identifiables \u00e0 des tiers, sauf dans les cas suivants :<\/p>\n\n\n\n<ul class=\"wp-block-list\">\n<li>Pour r\u00e9pondre \u00e0 une obligation l\u00e9gale<\/li>\n\n\n\n<li>Pour prot\u00e9ger nos droits, notre propri\u00e9t\u00e9 ou notre s\u00e9curit\u00e9, ainsi que ceux de nos utilisateurs ou d\u2019autres personnes<\/li>\n<\/ul>\n\n\n\n<h5 class=\"wp-block-heading\">Consentement<\/h5>\n\n\n\n<p>En utilisant notre site, vous consentez \u00e0 notre politique de confidentialit\u00e9.<\/p>\n\n\n\n<h5 class=\"wp-block-heading\">Modification de la politique de confidentialit\u00e9<\/h5>\n\n\n\n<p><strong>INCEVENT<\/strong>\u00a0se r\u00e9serve le droit de modifier cette politique de confidentialit\u00e9 \u00e0 tout moment. Les modifications prendront effet d\u00e8s leur publication sur cette page. Nous vous encourageons \u00e0 consulter r\u00e9guli\u00e8rement cette page pour prendre connaissance des \u00e9ventuelles mises \u00e0 jour.<\/p>\n\n\n\n<h5 class=\"wp-block-heading\">Contact<\/h5>\n\n\n\n<p>Si vous avez des questions concernant cette politique de confidentialit\u00e9, vous pouvez nous contacter via notre\u00a0<a href=\"https:\/\/incevent.ma\/en\/contact\/\" data-type=\"page\" data-id=\"247\"><strong>page de contact<\/strong><\/a>.<\/p>","protected":false},"excerpt":{"rendered":"<p>INCEVENT\u00a0accorde une grande importance \u00e0 la protection de vos donn\u00e9es personnelles. Cette politique de confidentialit\u00e9 explique comment nous recueillons, utilisons et prot\u00e9geons vos informations. Collecte des informations Nous collectons des informations lorsque vous vous inscrivez sur notre site, remplissez un formulaire ou entrez des informations sur notre site. Les donn\u00e9es collect\u00e9es peuvent inclure votre nom, [&hellip;]<\/p>","protected":false},"author":3,"featured_media":0,"parent":0,"menu_order":0,"comment_status":"closed","ping_status":"closed","template":"","meta":{"_acf_changed":false,"_vp_format_video_url":"","_vp_image_focal_point":[],"footnotes":""},"class_list":["post-6318","page","type-page","status-publish","hentry"],"acf":[],"yoast_head":"<!-- This site is optimized with the Yoast SEO plugin v27.5 - https:\/\/yoast.com\/product\/yoast-seo-wordpress\/ -->\n<title>Politique de confidentialit\u00e9 - INCEVENT<\/title>\n<meta name=\"robots\" content=\"index, follow, max-snippet:-1, max-image-preview:large, max-video-preview:-1\" \/>\n<link rel=\"canonical\" href=\"https:\/\/incevent.ma\/en\/politique-confidentialite\/\" \/>\n<meta property=\"og:locale\" content=\"en_US\" \/>\n<meta property=\"og:type\" content=\"article\" \/>\n<meta property=\"og:title\" content=\"Politique de confidentialit\u00e9 - INCEVENT\" \/>\n<meta property=\"og:description\" content=\"INCEVENT\u00a0accorde une grande importance \u00e0 la protection de vos donn\u00e9es personnelles. Cette politique de confidentialit\u00e9 explique comment nous recueillons, utilisons et prot\u00e9geons vos informations. Collecte des informations Nous collectons des informations lorsque vous vous inscrivez sur notre site, remplissez un formulaire ou entrez des informations sur notre site. Les donn\u00e9es collect\u00e9es peuvent inclure votre nom, [&hellip;]\" \/>\n<meta property=\"og:url\" content=\"https:\/\/incevent.ma\/en\/politique-confidentialite\/\" \/>\n<meta property=\"og:site_name\" content=\"INCEVENT\" \/>\n<meta property=\"article:publisher\" content=\"https:\/\/www.facebook.com\/incevent1\/\" \/>\n<meta property=\"article:modified_time\" content=\"2024-08-11T10:44:19+00:00\" \/>\n<meta name=\"twitter:card\" content=\"summary_large_image\" \/>\n<meta name=\"twitter:label1\" content=\"Est. reading time\" \/>\n\t<meta name=\"twitter:data1\" content=\"2 minutes\" \/>\n<script type=\"application\/ld+json\" class=\"yoast-schema-graph\">{\"@context\":\"https:\\\/\\\/schema.org\",\"@graph\":[{\"@type\":\"WebPage\",\"@id\":\"https:\\\/\\\/incevent.ma\\\/politique-confidentialite\\\/\",\"url\":\"https:\\\/\\\/incevent.ma\\\/politique-confidentialite\\\/\",\"name\":\"Politique de confidentialit\u00e9 - INCEVENT\",\"isPartOf\":{\"@id\":\"https:\\\/\\\/incevent.ma\\\/#website\"},\"datePublished\":\"2024-08-10T18:30:55+00:00\",\"dateModified\":\"2024-08-11T10:44:19+00:00\",\"breadcrumb\":{\"@id\":\"https:\\\/\\\/incevent.ma\\\/politique-confidentialite\\\/#breadcrumb\"},\"inLanguage\":\"en-US\",\"potentialAction\":[{\"@type\":\"ReadAction\",\"target\":[\"https:\\\/\\\/incevent.ma\\\/politique-confidentialite\\\/\"]}]},{\"@type\":\"BreadcrumbList\",\"@id\":\"https:\\\/\\\/incevent.ma\\\/politique-confidentialite\\\/#breadcrumb\",\"itemListElement\":[{\"@type\":\"ListItem\",\"position\":1,\"name\":\"Accueil\",\"item\":\"https:\\\/\\\/incevent.ma\\\/\"},{\"@type\":\"ListItem\",\"position\":2,\"name\":\"Politique de confidentialit\u00e9\"}]},{\"@type\":\"WebSite\",\"@id\":\"https:\\\/\\\/incevent.ma\\\/#website\",\"url\":\"https:\\\/\\\/incevent.ma\\\/\",\"name\":\"INCEVENT\",\"description\":\"Events &amp; More !\",\"publisher\":{\"@id\":\"https:\\\/\\\/incevent.ma\\\/#organization\"},\"potentialAction\":[{\"@type\":\"SearchAction\",\"target\":{\"@type\":\"EntryPoint\",\"urlTemplate\":\"https:\\\/\\\/incevent.ma\\\/?s={search_term_string}\"},\"query-input\":{\"@type\":\"PropertyValueSpecification\",\"valueRequired\":true,\"valueName\":\"search_term_string\"}}],\"inLanguage\":\"en-US\"},{\"@type\":\"Organization\",\"@id\":\"https:\\\/\\\/incevent.ma\\\/#organization\",\"name\":\"INCEVENT\",\"url\":\"https:\\\/\\\/incevent.ma\\\/\",\"logo\":{\"@type\":\"ImageObject\",\"inLanguage\":\"en-US\",\"@id\":\"https:\\\/\\\/incevent.ma\\\/#\\\/schema\\\/logo\\\/image\\\/\",\"url\":\"https:\\\/\\\/incevent.ma\\\/wp-content\\\/uploads\\\/2024\\\/09\\\/FAVICON_-01_INCEVENT-C1.png\",\"contentUrl\":\"https:\\\/\\\/incevent.ma\\\/wp-content\\\/uploads\\\/2024\\\/09\\\/FAVICON_-01_INCEVENT-C1.png\",\"width\":512,\"height\":512,\"caption\":\"INCEVENT\"},\"image\":{\"@id\":\"https:\\\/\\\/incevent.ma\\\/#\\\/schema\\\/logo\\\/image\\\/\"},\"sameAs\":[\"https:\\\/\\\/www.facebook.com\\\/incevent1\\\/\",\"https:\\\/\\\/www.instagram.com\\\/incevent_\\\/\",\"https:\\\/\\\/www.linkedin.com\\\/company\\\/incevents\\\/\"]}]}<\/script>\n<!-- \/ Yoast SEO plugin. -->","yoast_head_json":{"title":"Politique de confidentialit\u00e9 - INCEVENT","robots":{"index":"index","follow":"follow","max-snippet":"max-snippet:-1","max-image-preview":"max-image-preview:large","max-video-preview":"max-video-preview:-1"},"canonical":"https:\/\/incevent.ma\/en\/politique-confidentialite\/","og_locale":"en_US","og_type":"article","og_title":"Politique de confidentialit\u00e9 - INCEVENT","og_description":"INCEVENT\u00a0accorde une grande importance \u00e0 la protection de vos donn\u00e9es personnelles. Cette politique de confidentialit\u00e9 explique comment nous recueillons, utilisons et prot\u00e9geons vos informations. Collecte des informations Nous collectons des informations lorsque vous vous inscrivez sur notre site, remplissez un formulaire ou entrez des informations sur notre site. Les donn\u00e9es collect\u00e9es peuvent inclure votre nom, [&hellip;]","og_url":"https:\/\/incevent.ma\/en\/politique-confidentialite\/","og_site_name":"INCEVENT","article_publisher":"https:\/\/www.facebook.com\/incevent1\/","article_modified_time":"2024-08-11T10:44:19+00:00","twitter_card":"summary_large_image","twitter_misc":{"Est. reading time":"2 minutes"},"schema":{"@context":"https:\/\/schema.org","@graph":[{"@type":"WebPage","@id":"https:\/\/incevent.ma\/politique-confidentialite\/","url":"https:\/\/incevent.ma\/politique-confidentialite\/","name":"Politique de confidentialit\u00e9 - INCEVENT","isPartOf":{"@id":"https:\/\/incevent.ma\/#website"},"datePublished":"2024-08-10T18:30:55+00:00","dateModified":"2024-08-11T10:44:19+00:00","breadcrumb":{"@id":"https:\/\/incevent.ma\/politique-confidentialite\/#breadcrumb"},"inLanguage":"en-US","potentialAction":[{"@type":"ReadAction","target":["https:\/\/incevent.ma\/politique-confidentialite\/"]}]},{"@type":"BreadcrumbList","@id":"https:\/\/incevent.ma\/politique-confidentialite\/#breadcrumb","itemListElement":[{"@type":"ListItem","position":1,"name":"Accueil","item":"https:\/\/incevent.ma\/"},{"@type":"ListItem","position":2,"name":"Politique de confidentialit\u00e9"}]},{"@type":"WebSite","@id":"https:\/\/incevent.ma\/#website","url":"https:\/\/incevent.ma\/","name":"INCEVENT","description":"Events &amp; More !","publisher":{"@id":"https:\/\/incevent.ma\/#organization"},"potentialAction":[{"@type":"SearchAction","target":{"@type":"EntryPoint","urlTemplate":"https:\/\/incevent.ma\/?s={search_term_string}"},"query-input":{"@type":"PropertyValueSpecification","valueRequired":true,"valueName":"search_term_string"}}],"inLanguage":"en-US"},{"@type":"Organization","@id":"https:\/\/incevent.ma\/#organization","name":"INCEVENT","url":"https:\/\/incevent.ma\/","logo":{"@type":"ImageObject","inLanguage":"en-US","@id":"https:\/\/incevent.ma\/#\/schema\/logo\/image\/","url":"https:\/\/incevent.ma\/wp-content\/uploads\/2024\/09\/FAVICON_-01_INCEVENT-C1.png","contentUrl":"https:\/\/incevent.ma\/wp-content\/uploads\/2024\/09\/FAVICON_-01_INCEVENT-C1.png","width":512,"height":512,"caption":"INCEVENT"},"image":{"@id":"https:\/\/incevent.ma\/#\/schema\/logo\/image\/"},"sameAs":["https:\/\/www.facebook.com\/incevent1\/","https:\/\/www.instagram.com\/incevent_\/","https:\/\/www.linkedin.com\/company\/incevents\/"]}]}},"_hostinger_reach_plugin_has_subscription_block":false,"_hostinger_reach_plugin_is_elementor":false,"_links":{"self":[{"href":"https:\/\/incevent.ma\/en\/wp-json\/wp\/v2\/pages\/6318","targetHints":{"allow":["GET"]}}],"collection":[{"href":"https:\/\/incevent.ma\/en\/wp-json\/wp\/v2\/pages"}],"about":[{"href":"https:\/\/incevent.ma\/en\/wp-json\/wp\/v2\/types\/page"}],"author":[{"embeddable":true,"href":"https:\/\/incevent.ma\/en\/wp-json\/wp\/v2\/users\/3"}],"replies":[{"embeddable":true,"href":"https:\/\/incevent.ma\/en\/wp-json\/wp\/v2\/comments?post=6318"}],"version-history":[{"count":5,"href":"https:\/\/incevent.ma\/en\/wp-json\/wp\/v2\/pages\/6318\/revisions"}],"predecessor-version":[{"id":6532,"href":"https:\/\/incevent.ma\/en\/wp-json\/wp\/v2\/pages\/6318\/revisions\/6532"}],"wp:attachment":[{"href":"https:\/\/incevent.ma\/en\/wp-json\/wp\/v2\/media?parent=6318"}],"curies":[{"name":"wp","href":"https:\/\/api.w.org\/{rel}","templated":true}]}}