{"id":6319,"date":"2024-08-10T18:30:55","date_gmt":"2024-08-10T18:30:55","guid":{"rendered":"https:\/\/incevent.ma\/?page_id=6319"},"modified":"2024-08-11T10:49:31","modified_gmt":"2024-08-11T10:49:31","slug":"cookies","status":"publish","type":"page","link":"https:\/\/incevent.ma\/en\/cookies\/","title":{"rendered":"Politique d&rsquo;utilisation des cookies"},"content":{"rendered":"<p><strong>INCEVENT<\/strong>\u00a0utilise des cookies pour am\u00e9liorer l\u2019exp\u00e9rience de ses utilisateurs sur son site. Cette politique de cookies explique ce que sont les cookies, comment nous les utilisons et les choix dont vous disposez \u00e0 leur sujet.<\/p>\r\n\r\n\r\n\r\n<h5 class=\"wp-block-heading\">Qu\u2019est-ce qu\u2019un cookie ?<\/h5>\r\n\r\n\r\n\r\n<p>Un cookie est un petit fichier texte qui est stock\u00e9 sur votre ordinateur ou appareil mobile lorsque vous visitez un site web. Les cookies permettent au site de reconna\u00eetre votre appareil et de m\u00e9moriser certaines informations sur vos pr\u00e9f\u00e9rences ou vos actions pass\u00e9es.<\/p>\r\n\r\n\r\n\r\n<h5 class=\"wp-block-heading\">Comment nous utilisons les cookies<\/h5>\r\n\r\n\r\n\r\n<p>Nous utilisons les cookies pour :<\/p>\r\n\r\n\r\n\r\n<ul class=\"wp-block-list\">\r\n<li>Am\u00e9liorer l\u2019exp\u00e9rience utilisateur sur notre site<\/li>\r\n\r\n\r\n\r\n<li>Analyser l\u2019utilisation de notre site pour am\u00e9liorer nos services<\/li>\r\n\r\n\r\n\r\n<li>Se souvenir de vos pr\u00e9f\u00e9rences de navigation<\/li>\r\n\r\n\r\n\r\n<li>Faciliter la connexion et l\u2019acc\u00e8s \u00e0 certaines fonctionnalit\u00e9s du site<\/li>\r\n<\/ul>\r\n\r\n\r\n\r\n<h5 class=\"wp-block-heading\">Types de cookies utilis\u00e9s<\/h5>\r\n\r\n\r\n\r\n<p>Nous utilisons diff\u00e9rents types de cookies sur notre site :<\/p>\r\n\r\n\r\n\r\n<ul class=\"wp-block-list\">\r\n<li><strong>Cookies de session :<\/strong>\u00a0Ces cookies sont temporaires et expirent lorsque vous fermez votre navigateur.<\/li>\r\n\r\n\r\n\r\n<li><strong>Cookies persistants :<\/strong>\u00a0Ces cookies restent sur votre appareil jusqu\u2019\u00e0 ce qu\u2019ils expirent ou que vous les supprimiez.<\/li>\r\n\r\n\r\n\r\n<li><strong>Cookies de performance :<\/strong>\u00a0Ces cookies collectent des informations sur la mani\u00e8re dont les utilisateurs interagissent avec notre site, nous aidant \u00e0 identifier les erreurs et \u00e0 am\u00e9liorer la navigation.<\/li>\r\n\r\n\r\n\r\n<li><strong>Cookies de fonctionnalit\u00e9 :<\/strong>\u00a0Ces cookies permettent \u00e0 notre site de se souvenir de vos choix (comme votre nom d\u2019utilisateur, votre langue ou la r\u00e9gion dans laquelle vous vous trouvez) pour fournir des fonctionnalit\u00e9s am\u00e9lior\u00e9es et plus personnalis\u00e9es.<\/li>\r\n<\/ul>\r\n\r\n\r\n\r\n<h5 class=\"wp-block-heading\">Vos choix en mati\u00e8re de cookies<\/h5>\r\n\r\n\r\n\r\n<p>Vous pouvez choisir de d\u00e9sactiver les cookies en modifiant les param\u00e8tres de votre navigateur. Toutefois, cela peut affecter votre exp\u00e9rience utilisateur et limiter certaines fonctionnalit\u00e9s de notre site. Pour en savoir plus sur la gestion des cookies, consultez la section d\u2019aide de votre navigateur.<\/p>\r\n\r\n\r\n\r\n<h5 class=\"wp-block-heading\">Modification de la politique de cookies<\/h5>\r\n\r\n\r\n\r\n<p><strong>INCEVENT<\/strong>\u00a0se r\u00e9serve le droit de modifier cette politique de cookies \u00e0 tout moment. Les modifications prendront effet d\u00e8s leur publication sur cette page. Nous vous encourageons \u00e0 consulter r\u00e9guli\u00e8rement cette page pour prendre connaissance des \u00e9ventuelles mises \u00e0 jour.<\/p>\r\n\r\n\r\n\r\n<h5 class=\"wp-block-heading\">Contact<\/h5>\r\n\r\n\r\n\r\n<p>Si vous avez des questions concernant cette politique de cookies, vous pouvez nous contacter via notre\u00a0<a href=\"https:\/\/incevent.ma\/en\/contact\/\" target=\"_blank\" rel=\"noopener\"><strong>page de contact<\/strong><\/a>.<\/p>","protected":false},"excerpt":{"rendered":"<p>INCEVENT\u00a0utilise des cookies pour am\u00e9liorer l\u2019exp\u00e9rience de ses utilisateurs sur son site. Cette politique de cookies explique ce que sont les cookies, comment nous les utilisons et les choix dont vous disposez \u00e0 leur sujet. Qu\u2019est-ce qu\u2019un cookie ? Un cookie est un petit fichier texte qui est stock\u00e9 sur votre ordinateur ou appareil mobile [&hellip;]<\/p>","protected":false},"author":3,"featured_media":0,"parent":0,"menu_order":0,"comment_status":"closed","ping_status":"closed","template":"","meta":{"_acf_changed":false,"_vp_format_video_url":"","_vp_image_focal_point":[],"footnotes":""},"class_list":["post-6319","page","type-page","status-publish","hentry"],"acf":[],"yoast_head":"<!-- This site is optimized with the Yoast SEO plugin v27.5 - https:\/\/yoast.com\/product\/yoast-seo-wordpress\/ -->\n<title>Politique d&#039;utilisation des cookies - INCEVENT<\/title>\n<meta name=\"robots\" content=\"index, follow, max-snippet:-1, max-image-preview:large, max-video-preview:-1\" \/>\n<link rel=\"canonical\" href=\"https:\/\/incevent.ma\/en\/cookies\/\" \/>\n<meta property=\"og:locale\" content=\"en_US\" \/>\n<meta property=\"og:type\" content=\"article\" \/>\n<meta property=\"og:title\" content=\"Politique d&#039;utilisation des cookies - INCEVENT\" \/>\n<meta property=\"og:description\" content=\"INCEVENT\u00a0utilise des cookies pour am\u00e9liorer l\u2019exp\u00e9rience de ses utilisateurs sur son site. Cette politique de cookies explique ce que sont les cookies, comment nous les utilisons et les choix dont vous disposez \u00e0 leur sujet. Qu\u2019est-ce qu\u2019un cookie ? Un cookie est un petit fichier texte qui est stock\u00e9 sur votre ordinateur ou appareil mobile [&hellip;]\" \/>\n<meta property=\"og:url\" content=\"https:\/\/incevent.ma\/en\/cookies\/\" \/>\n<meta property=\"og:site_name\" content=\"INCEVENT\" \/>\n<meta property=\"article:publisher\" content=\"https:\/\/www.facebook.com\/incevent1\/\" \/>\n<meta property=\"article:modified_time\" content=\"2024-08-11T10:49:31+00:00\" \/>\n<meta name=\"twitter:card\" content=\"summary_large_image\" \/>\n<meta name=\"twitter:label1\" content=\"Est. reading time\" \/>\n\t<meta name=\"twitter:data1\" content=\"2 minutes\" \/>\n<script type=\"application\/ld+json\" class=\"yoast-schema-graph\">{\"@context\":\"https:\\\/\\\/schema.org\",\"@graph\":[{\"@type\":\"WebPage\",\"@id\":\"https:\\\/\\\/incevent.ma\\\/cookies\\\/\",\"url\":\"https:\\\/\\\/incevent.ma\\\/cookies\\\/\",\"name\":\"Politique d'utilisation des cookies - INCEVENT\",\"isPartOf\":{\"@id\":\"https:\\\/\\\/incevent.ma\\\/#website\"},\"datePublished\":\"2024-08-10T18:30:55+00:00\",\"dateModified\":\"2024-08-11T10:49:31+00:00\",\"breadcrumb\":{\"@id\":\"https:\\\/\\\/incevent.ma\\\/cookies\\\/#breadcrumb\"},\"inLanguage\":\"en-US\",\"potentialAction\":[{\"@type\":\"ReadAction\",\"target\":[\"https:\\\/\\\/incevent.ma\\\/cookies\\\/\"]}]},{\"@type\":\"BreadcrumbList\",\"@id\":\"https:\\\/\\\/incevent.ma\\\/cookies\\\/#breadcrumb\",\"itemListElement\":[{\"@type\":\"ListItem\",\"position\":1,\"name\":\"Accueil\",\"item\":\"https:\\\/\\\/incevent.ma\\\/\"},{\"@type\":\"ListItem\",\"position\":2,\"name\":\"Politique d&rsquo;utilisation des cookies\"}]},{\"@type\":\"WebSite\",\"@id\":\"https:\\\/\\\/incevent.ma\\\/#website\",\"url\":\"https:\\\/\\\/incevent.ma\\\/\",\"name\":\"INCEVENT\",\"description\":\"Events &amp; More !\",\"publisher\":{\"@id\":\"https:\\\/\\\/incevent.ma\\\/#organization\"},\"potentialAction\":[{\"@type\":\"SearchAction\",\"target\":{\"@type\":\"EntryPoint\",\"urlTemplate\":\"https:\\\/\\\/incevent.ma\\\/?s={search_term_string}\"},\"query-input\":{\"@type\":\"PropertyValueSpecification\",\"valueRequired\":true,\"valueName\":\"search_term_string\"}}],\"inLanguage\":\"en-US\"},{\"@type\":\"Organization\",\"@id\":\"https:\\\/\\\/incevent.ma\\\/#organization\",\"name\":\"INCEVENT\",\"url\":\"https:\\\/\\\/incevent.ma\\\/\",\"logo\":{\"@type\":\"ImageObject\",\"inLanguage\":\"en-US\",\"@id\":\"https:\\\/\\\/incevent.ma\\\/#\\\/schema\\\/logo\\\/image\\\/\",\"url\":\"https:\\\/\\\/incevent.ma\\\/wp-content\\\/uploads\\\/2024\\\/09\\\/FAVICON_-01_INCEVENT-C1.png\",\"contentUrl\":\"https:\\\/\\\/incevent.ma\\\/wp-content\\\/uploads\\\/2024\\\/09\\\/FAVICON_-01_INCEVENT-C1.png\",\"width\":512,\"height\":512,\"caption\":\"INCEVENT\"},\"image\":{\"@id\":\"https:\\\/\\\/incevent.ma\\\/#\\\/schema\\\/logo\\\/image\\\/\"},\"sameAs\":[\"https:\\\/\\\/www.facebook.com\\\/incevent1\\\/\",\"https:\\\/\\\/www.instagram.com\\\/incevent_\\\/\",\"https:\\\/\\\/www.linkedin.com\\\/company\\\/incevents\\\/\"]}]}<\/script>\n<!-- \/ Yoast SEO plugin. -->","yoast_head_json":{"title":"Politique d'utilisation des cookies - INCEVENT","robots":{"index":"index","follow":"follow","max-snippet":"max-snippet:-1","max-image-preview":"max-image-preview:large","max-video-preview":"max-video-preview:-1"},"canonical":"https:\/\/incevent.ma\/en\/cookies\/","og_locale":"en_US","og_type":"article","og_title":"Politique d'utilisation des cookies - INCEVENT","og_description":"INCEVENT\u00a0utilise des cookies pour am\u00e9liorer l\u2019exp\u00e9rience de ses utilisateurs sur son site. Cette politique de cookies explique ce que sont les cookies, comment nous les utilisons et les choix dont vous disposez \u00e0 leur sujet. Qu\u2019est-ce qu\u2019un cookie ? Un cookie est un petit fichier texte qui est stock\u00e9 sur votre ordinateur ou appareil mobile [&hellip;]","og_url":"https:\/\/incevent.ma\/en\/cookies\/","og_site_name":"INCEVENT","article_publisher":"https:\/\/www.facebook.com\/incevent1\/","article_modified_time":"2024-08-11T10:49:31+00:00","twitter_card":"summary_large_image","twitter_misc":{"Est. reading time":"2 minutes"},"schema":{"@context":"https:\/\/schema.org","@graph":[{"@type":"WebPage","@id":"https:\/\/incevent.ma\/cookies\/","url":"https:\/\/incevent.ma\/cookies\/","name":"Politique d'utilisation des cookies - INCEVENT","isPartOf":{"@id":"https:\/\/incevent.ma\/#website"},"datePublished":"2024-08-10T18:30:55+00:00","dateModified":"2024-08-11T10:49:31+00:00","breadcrumb":{"@id":"https:\/\/incevent.ma\/cookies\/#breadcrumb"},"inLanguage":"en-US","potentialAction":[{"@type":"ReadAction","target":["https:\/\/incevent.ma\/cookies\/"]}]},{"@type":"BreadcrumbList","@id":"https:\/\/incevent.ma\/cookies\/#breadcrumb","itemListElement":[{"@type":"ListItem","position":1,"name":"Accueil","item":"https:\/\/incevent.ma\/"},{"@type":"ListItem","position":2,"name":"Politique d&rsquo;utilisation des cookies"}]},{"@type":"WebSite","@id":"https:\/\/incevent.ma\/#website","url":"https:\/\/incevent.ma\/","name":"INCEVENT","description":"Events &amp; More !","publisher":{"@id":"https:\/\/incevent.ma\/#organization"},"potentialAction":[{"@type":"SearchAction","target":{"@type":"EntryPoint","urlTemplate":"https:\/\/incevent.ma\/?s={search_term_string}"},"query-input":{"@type":"PropertyValueSpecification","valueRequired":true,"valueName":"search_term_string"}}],"inLanguage":"en-US"},{"@type":"Organization","@id":"https:\/\/incevent.ma\/#organization","name":"INCEVENT","url":"https:\/\/incevent.ma\/","logo":{"@type":"ImageObject","inLanguage":"en-US","@id":"https:\/\/incevent.ma\/#\/schema\/logo\/image\/","url":"https:\/\/incevent.ma\/wp-content\/uploads\/2024\/09\/FAVICON_-01_INCEVENT-C1.png","contentUrl":"https:\/\/incevent.ma\/wp-content\/uploads\/2024\/09\/FAVICON_-01_INCEVENT-C1.png","width":512,"height":512,"caption":"INCEVENT"},"image":{"@id":"https:\/\/incevent.ma\/#\/schema\/logo\/image\/"},"sameAs":["https:\/\/www.facebook.com\/incevent1\/","https:\/\/www.instagram.com\/incevent_\/","https:\/\/www.linkedin.com\/company\/incevents\/"]}]}},"_hostinger_reach_plugin_has_subscription_block":false,"_hostinger_reach_plugin_is_elementor":false,"_links":{"self":[{"href":"https:\/\/incevent.ma\/en\/wp-json\/wp\/v2\/pages\/6319","targetHints":{"allow":["GET"]}}],"collection":[{"href":"https:\/\/incevent.ma\/en\/wp-json\/wp\/v2\/pages"}],"about":[{"href":"https:\/\/incevent.ma\/en\/wp-json\/wp\/v2\/types\/page"}],"author":[{"embeddable":true,"href":"https:\/\/incevent.ma\/en\/wp-json\/wp\/v2\/users\/3"}],"replies":[{"embeddable":true,"href":"https:\/\/incevent.ma\/en\/wp-json\/wp\/v2\/comments?post=6319"}],"version-history":[{"count":5,"href":"https:\/\/incevent.ma\/en\/wp-json\/wp\/v2\/pages\/6319\/revisions"}],"predecessor-version":[{"id":6536,"href":"https:\/\/incevent.ma\/en\/wp-json\/wp\/v2\/pages\/6319\/revisions\/6536"}],"wp:attachment":[{"href":"https:\/\/incevent.ma\/en\/wp-json\/wp\/v2\/media?parent=6319"}],"curies":[{"name":"wp","href":"https:\/\/api.w.org\/{rel}","templated":true}]}}